{"id":56,"date":"2021-04-14T11:47:58","date_gmt":"2021-04-14T09:47:58","guid":{"rendered":"http:\/\/biblioteka2.powiatlubaczowski.pl\/?page_id=56"},"modified":"2021-04-14T11:47:58","modified_gmt":"2021-04-14T09:47:58","slug":"dzial-ksiazki-mowionej","status":"publish","type":"page","link":"http:\/\/biblioteka2.powiatlubaczowski.pl\/index.php\/dzial-ksiazki-mowionej\/","title":{"rendered":"Dzia\u0142 ksi\u0105\u017cki m\u00f3wionej"},"content":{"rendered":"\n<p><strong>KSI\u0104\u017bKI DO S\u0141UCHANIA, GDZIE CHCESZ I KIEDY CHCESZ\u2026<\/strong><\/p>\n\n\n\n<p>Szybkie tempo \u017cycia i liczne obowi\u0105zki sprawiaj\u0105, \u017ce na si\u0119gni\u0119cie po ksi\u0105\u017ck\u0119 cz\u0119sto brakuje nam czasu. Rozwi\u0105zaniem problemu s\u0105 audiobooki.<br>Wystarczy odtwarzacz mp3, dzi\u0119ki, kt\u00f3remu mamy dost\u0119p do lektury, w dowolnej chwili \u2013 w samochodzie, stoj\u0105c w korku, w drodze do domu czy szko\u0142y, gotuj\u0105c obiad, podczas prac w ogrodzie czy spaceruj\u0105c.<br>Rozw\u00f3j nowoczesnych technologii sprawia, \u017ce kontakt z literatur\u0105 mo\u017cemy mie\u0107 w dowolnym miejscu i w dowolnym czasie, kiedy tylko chcemy.<\/p>\n\n\n\n<p>Powiatowa Biblioteka Publiczna w Lubaczowie wychodz\u0105c naprzeciw potrzebom czytelnik\u00f3w, zaprasza do skorzystania z oferty Dzia\u0142u Ksi\u0105\u017cki M\u00f3wionej.<\/p>\n\n\n\n<p><strong>Aktualna oferta Dzia\u0142u Ksi\u0105\u017cki M\u00f3wionej:<\/strong><\/p>\n\n\n\n<p><a href=\"http:\/\/biblioteka.kw.com.pl\/index.php?show=static&amp;id=10\"><strong>Dla Dzieci:<\/strong><\/a><\/p>\n\n\n\n<ul class=\"wp-block-list\"><li>bajki,<\/li><li>ba\u015bnie,<\/li><li>opowie\u015bci.<\/li><\/ul>\n\n\n\n<p><a href=\"http:\/\/biblioteka.kw.com.pl\/index.php?show=static&amp;id=15\"><strong>Dla M\u0142odzie\u017cy:<\/strong><\/a><\/p>\n\n\n\n<ul class=\"wp-block-list\"><li>obyczajowe,<\/li><li>przygodowe,<\/li><li>fantastyczne,<\/li><li>literatura popularno-naukowa,<\/li><li>esej,<\/li><li>opowie\u015bci,<\/li><li>lektury.<\/li><\/ul>\n\n\n\n<p><a href=\"http:\/\/biblioteka.kw.com.pl\/index.php?show=static&amp;id=16\"><strong>Dla Doros\u0142ych:<\/strong><\/a><\/p>\n\n\n\n<ul class=\"wp-block-list\"><li>powie\u015b\u0107 obyczajowa,<\/li><li>autobiografie, pami\u0119tniki,<\/li><li>powie\u015b\u0107 psychologiczna,<\/li><li>krymina\u0142 i sensacja.<\/li><\/ul>\n","protected":false},"excerpt":{"rendered":"<p>KSI\u0104\u017bKI DO S\u0141UCHANIA, GDZIE CHCESZ I KIEDY CHCESZ\u2026 Szybkie tempo \u017cycia i liczne obowi\u0105zki sprawiaj\u0105, \u017ce na si\u0119gni\u0119cie po ksi\u0105\u017ck\u0119<\/p>\n","protected":false},"author":1,"featured_media":0,"parent":0,"menu_order":0,"comment_status":"closed","ping_status":"closed","template":"","meta":{"footnotes":""},"class_list":["post-56","page","type-page","status-publish","hentry"],"_links":{"self":[{"href":"http:\/\/biblioteka2.powiatlubaczowski.pl\/index.php\/wp-json\/wp\/v2\/pages\/56","targetHints":{"allow":["GET"]}}],"collection":[{"href":"http:\/\/biblioteka2.powiatlubaczowski.pl\/index.php\/wp-json\/wp\/v2\/pages"}],"about":[{"href":"http:\/\/biblioteka2.powiatlubaczowski.pl\/index.php\/wp-json\/wp\/v2\/types\/page"}],"author":[{"embeddable":true,"href":"http:\/\/biblioteka2.powiatlubaczowski.pl\/index.php\/wp-json\/wp\/v2\/users\/1"}],"replies":[{"embeddable":true,"href":"http:\/\/biblioteka2.powiatlubaczowski.pl\/index.php\/wp-json\/wp\/v2\/comments?post=56"}],"version-history":[{"count":1,"href":"http:\/\/biblioteka2.powiatlubaczowski.pl\/index.php\/wp-json\/wp\/v2\/pages\/56\/revisions"}],"predecessor-version":[{"id":57,"href":"http:\/\/biblioteka2.powiatlubaczowski.pl\/index.php\/wp-json\/wp\/v2\/pages\/56\/revisions\/57"}],"wp:attachment":[{"href":"http:\/\/biblioteka2.powiatlubaczowski.pl\/index.php\/wp-json\/wp\/v2\/media?parent=56"}],"curies":[{"name":"wp","href":"https:\/\/api.w.org\/{rel}","templated":true}]}}