{"id":54,"date":"2021-04-14T11:47:30","date_gmt":"2021-04-14T09:47:30","guid":{"rendered":"http:\/\/biblioteka2.powiatlubaczowski.pl\/?page_id=54"},"modified":"2021-04-14T11:47:30","modified_gmt":"2021-04-14T09:47:30","slug":"bibliografia-regionalna","status":"publish","type":"page","link":"http:\/\/biblioteka2.powiatlubaczowski.pl\/index.php\/bibliografia-regionalna\/","title":{"rendered":"Bibliografia regionalna"},"content":{"rendered":"\n<p><strong>Bibliografia regionalna<\/strong><\/p>\n\n\n\n<p><strong>System Bibliografii Regionalnej Wojew\u00f3dztwa Podkarpackiego<\/strong>&nbsp;to bibliograficzna baza danych, obejmuj\u0105ca opisy bibliograficzne r\u00f3\u017cnych typ\u00f3w wydawnictw: ksi\u0105\u017cek, fragment\u00f3w ksi\u0105\u017cek, map, rocznik\u00f3w czasopism, artyku\u0142\u00f3w z czasopism i innych dokument\u00f3w dotycz\u0105cych wojew\u00f3dztwa podkarpackiego.<\/p>\n\n\n\n<p>Baza zawiera opisy bibliograficzne publikacji wydawanych od 2008 roku.<\/p>\n\n\n\n<p>Tworzona jest systemem online r\u00f3wnolegle&nbsp;<strong>w Dziale Informacyjno-Bibliograficznym Wojew\u00f3dzkiej i Miejskiej Biblioteki Publicznej w Rzeszowie<\/strong>&nbsp; i w kilkunastu bibliotekach powiatowych (m.in.&nbsp;<strong>w<\/strong>&nbsp;<strong>Powiatowej Bibliotece Publicznej w Lubaczowie<\/strong>) i pe\u0142ni\u0105cych funkcje bibliotek powiatowych w wojew\u00f3dztwie podkarpackim.<\/p>\n\n\n\n<p><a href=\"https:\/\/sbr.rzeszow-wimbp.sowa.pl\/sowacgi.php?KatID=0&amp;new=1\" target=\"_blank\" rel=\"noreferrer noopener\">&nbsp;<strong>wej\u015bcie \u2013&nbsp;<u>System Bibliografii Regionalnej Wojew\u00f3dztwa Podkarpackiego<\/u><\/strong><\/a><\/p>\n","protected":false},"excerpt":{"rendered":"<p>Bibliografia regionalna System Bibliografii Regionalnej Wojew\u00f3dztwa Podkarpackiego&nbsp;to bibliograficzna baza danych, obejmuj\u0105ca opisy bibliograficzne r\u00f3\u017cnych typ\u00f3w wydawnictw: ksi\u0105\u017cek, fragment\u00f3w ksi\u0105\u017cek, map,<\/p>\n","protected":false},"author":1,"featured_media":0,"parent":0,"menu_order":0,"comment_status":"closed","ping_status":"closed","template":"","meta":{"footnotes":""},"class_list":["post-54","page","type-page","status-publish","hentry"],"_links":{"self":[{"href":"http:\/\/biblioteka2.powiatlubaczowski.pl\/index.php\/wp-json\/wp\/v2\/pages\/54","targetHints":{"allow":["GET"]}}],"collection":[{"href":"http:\/\/biblioteka2.powiatlubaczowski.pl\/index.php\/wp-json\/wp\/v2\/pages"}],"about":[{"href":"http:\/\/biblioteka2.powiatlubaczowski.pl\/index.php\/wp-json\/wp\/v2\/types\/page"}],"author":[{"embeddable":true,"href":"http:\/\/biblioteka2.powiatlubaczowski.pl\/index.php\/wp-json\/wp\/v2\/users\/1"}],"replies":[{"embeddable":true,"href":"http:\/\/biblioteka2.powiatlubaczowski.pl\/index.php\/wp-json\/wp\/v2\/comments?post=54"}],"version-history":[{"count":1,"href":"http:\/\/biblioteka2.powiatlubaczowski.pl\/index.php\/wp-json\/wp\/v2\/pages\/54\/revisions"}],"predecessor-version":[{"id":55,"href":"http:\/\/biblioteka2.powiatlubaczowski.pl\/index.php\/wp-json\/wp\/v2\/pages\/54\/revisions\/55"}],"wp:attachment":[{"href":"http:\/\/biblioteka2.powiatlubaczowski.pl\/index.php\/wp-json\/wp\/v2\/media?parent=54"}],"curies":[{"name":"wp","href":"https:\/\/api.w.org\/{rel}","templated":true}]}}