{"id":48,"date":"2021-04-14T11:45:42","date_gmt":"2021-04-14T09:45:42","guid":{"rendered":"http:\/\/biblioteka2.powiatlubaczowski.pl\/?page_id=48"},"modified":"2021-04-14T11:45:42","modified_gmt":"2021-04-14T09:45:42","slug":"zbiory","status":"publish","type":"page","link":"http:\/\/biblioteka2.powiatlubaczowski.pl\/index.php\/zbiory\/","title":{"rendered":"Zbiory"},"content":{"rendered":"\n<p>Zbiory Biblioteki licz\u0105 obecnie&nbsp;<strong>16 000&nbsp;<\/strong><strong>wolumin\u00f3w ksi\u0105\u017cek<\/strong>&nbsp;i&nbsp;<strong>1 020<\/strong><strong>&nbsp;jednostek materia\u0142\u00f3w audiowizualnych<\/strong>.<\/p>\n\n\n\n<p>Biblioteka jest na etapie intensywnego gromadzenia ksi\u0119gozbioru.<\/p>\n\n\n\n<p>Zbiory maj\u0105 charakter uniwersalny. Udost\u0119pniamy:<\/p>\n\n\n\n<ul class=\"wp-block-list\"><li>literatur\u0119 pi\u0119kn\u0105 dla doros\u0142ych i dla dzieci,<\/li><li>literatur\u0119 popularnonaukow\u0105 (szczeg\u00f3lnie preferowane dziedziny nauki to: nauki spo\u0142eczne, humanistyczne, ekonomiczne, biologiczne),<\/li><li>wydawnictwa informacyjne (encyklopedie, s\u0142owniki),<\/li><li>podr\u0119czniki szkolne i akademickie,<\/li><li>czasopisma bie\u017c\u0105ce (ze szczeg\u00f3lnym uwzgl\u0119dnieniem prasy regionalnej),<\/li><li>zbiory specjalne (audiobooki, filmy, dokumenty elektroniczne, dokumenty \u017cycia spo\u0142ecznego).<\/li><\/ul>\n\n\n\n<p>Materia\u0142y biblioteczne gromadzone s\u0105 pod k\u0105tem potrzeb czytelniczych, informacyjnych i edukacyjnych u\u017cytkownik\u00f3w Biblioteki.<\/p>\n\n\n\n<p>Czytelnik\u00f3w naszej Biblioteki zapraszamy do aktywnego udzia\u0142u w uzupe\u0142nianiu zbior\u00f3w o nowe publikacje. Dzi\u0119ki nowej funkcji serwisu www pod nazw\u0105&nbsp;<strong>\u201ezaproponuj zakup\u201d<\/strong>&nbsp;Czytelnik ma mo\u017cliwo\u015b\u0107 zg\u0142oszenia propozycji zakupu ciekawych ksi\u0105\u017cek, czasopism, audiobook\u00f3w, film\u00f3w.<\/p>\n","protected":false},"excerpt":{"rendered":"<p>Zbiory Biblioteki licz\u0105 obecnie&nbsp;16 000&nbsp;wolumin\u00f3w ksi\u0105\u017cek&nbsp;i&nbsp;1 020&nbsp;jednostek materia\u0142\u00f3w audiowizualnych. Biblioteka jest na etapie intensywnego gromadzenia ksi\u0119gozbioru. Zbiory maj\u0105 charakter uniwersalny.<\/p>\n","protected":false},"author":1,"featured_media":0,"parent":0,"menu_order":0,"comment_status":"closed","ping_status":"closed","template":"","meta":{"footnotes":""},"class_list":["post-48","page","type-page","status-publish","hentry"],"_links":{"self":[{"href":"http:\/\/biblioteka2.powiatlubaczowski.pl\/index.php\/wp-json\/wp\/v2\/pages\/48","targetHints":{"allow":["GET"]}}],"collection":[{"href":"http:\/\/biblioteka2.powiatlubaczowski.pl\/index.php\/wp-json\/wp\/v2\/pages"}],"about":[{"href":"http:\/\/biblioteka2.powiatlubaczowski.pl\/index.php\/wp-json\/wp\/v2\/types\/page"}],"author":[{"embeddable":true,"href":"http:\/\/biblioteka2.powiatlubaczowski.pl\/index.php\/wp-json\/wp\/v2\/users\/1"}],"replies":[{"embeddable":true,"href":"http:\/\/biblioteka2.powiatlubaczowski.pl\/index.php\/wp-json\/wp\/v2\/comments?post=48"}],"version-history":[{"count":1,"href":"http:\/\/biblioteka2.powiatlubaczowski.pl\/index.php\/wp-json\/wp\/v2\/pages\/48\/revisions"}],"predecessor-version":[{"id":49,"href":"http:\/\/biblioteka2.powiatlubaczowski.pl\/index.php\/wp-json\/wp\/v2\/pages\/48\/revisions\/49"}],"wp:attachment":[{"href":"http:\/\/biblioteka2.powiatlubaczowski.pl\/index.php\/wp-json\/wp\/v2\/media?parent=48"}],"curies":[{"name":"wp","href":"https:\/\/api.w.org\/{rel}","templated":true}]}}